{"id":292,"date":"2016-10-03T13:08:10","date_gmt":"2016-10-03T12:08:10","guid":{"rendered":"http:\/\/www.holidaysrental-lasterrenas.com\/es\/?page_id=292"},"modified":"2021-12-18T16:10:57","modified_gmt":"2021-12-18T15:10:57","slug":"servicios","status":"publish","type":"page","link":"http:\/\/www.holidaysrental-lasterrenas.com\/es\/servicios\/","title":{"rendered":"Servicios"},"content":{"rendered":"<div class=\"wpb-content-wrapper\">[vc_row fullwidth=&#8221;true&#8221; fullwidth_content=&#8221;false&#8221; css=&#8221;.vc_custom_1463477639329{padding-top: 70px !important;background-image: url(http:\/\/www.holidaysrental-lasterrenas.com\/site\/wp-content\/uploads\/2016\/05\/background-services.jpg?id=50) !important;background-position: center !important;background-repeat: no-repeat !important;background-size: cover !important;}&#8221;][vc_column][mk_fancy_title color=&#8221;#ffffff&#8221; font_family=&#8221;none&#8221;]\n<h2 style=\"color: #fff !important;\">SIMPLE LLAMADA<\/h2>\n[\/mk_fancy_title][vc_column_text el_class=&#8221;services&#8221; css=&#8221;.vc_custom_1639840254113{margin-bottom: 0px !important;}&#8221;]\n<ul style=\"font-size: 18px; line-height: 32px; font-weight: bold;\">\n<li><span style=\"color: #ffffff;\">Asistencia 24\/7 para carros<\/span><\/li>\n<li><span style=\"color: #ffffff;\">entrega del veh\u00edculo a su hotel o aeropuerto*<\/span><\/li>\n<li><span style=\"color: #ffffff;\">la sustituci\u00f3n inmediata del veh\u00edculo en caso de aver\u00eda grave **<\/span><\/li>\n<li><span style=\"color: #ffffff;\">Lavado y mantenimiento cuando se quiere ***<\/span><\/li>\n<\/ul>\n[\/vc_column_text][vc_empty_space][vc_column_text]<img loading=\"lazy\" decoding=\"async\" class=\"aligncenter size-full wp-image-52\" src=\"http:\/\/www.holidaysrental-lasterrenas.com\/site\/wp-content\/uploads\/2016\/05\/quad-contact.png\" alt=\"quad-contact\" width=\"80\" height=\"51\" \/><\/p>\n<h3 style=\"text-align: center;\">Nuestros veh\u00edculos est\u00e1n<br \/>\nNuevas o recientes<\/h3>\n<h3 style=\"text-align: center;\">Veh\u00edculo asegurado,<br \/>\nControladas y mantenidas<\/h3>\n[\/vc_column_text][vc_empty_space][\/vc_column][\/vc_row][mk_page_section has_top_shape_divider=&#8221;true&#8221; top_shape_size=&#8221;small&#8221; top_shape_color=&#8221;#005aab&#8221; has_bottom_shape_divider=&#8221;true&#8221; bottom_shape_size=&#8221;small&#8221; bottom_shape_color=&#8221;#005aab&#8221; sidebar=&#8221;sidebar-1&#8243;][vc_column][vc_column_text align=&#8221;center&#8221;]\n<h1><a href=\"http:\/\/www.holidaysrental-lasterrenas.com\/site\/reserva\/\">RESERVA Y TASA POR CORREO O DE LA FORMA<br \/>\nPULSE AQU\u00cd<\/a><\/h1>\n[\/vc_column_text][\/vc_column][\/mk_page_section][vc_row][vc_column][vc_empty_space][vc_column_text]\n<p style=\"text-align: center;\">* Tras el acuerdo administrativo ** Sujeto a disponibilidad *** Alquileres de duraci\u00f3n prolongada<\/p>\n[\/vc_column_text][\/vc_column][\/vc_row]\n<\/div>","protected":false},"excerpt":{"rendered":"<p>[vc_row fullwidth=&#8221;true&#8221; fullwidth_content=&#8221;false&#8221; css=&#8221;.vc_custom_1463477639329{padding-top: 70px !important;background-image: url(http:\/\/www.holidaysrental-lasterrenas.com\/site\/wp-content\/uploads\/2016\/05\/background-services.jpg?id=50) !important;background-position: center !important;background-repeat: no-repeat !important;background-size: cover !important;}&#8221;][vc_column][mk_fancy_title color=&#8221;#ffffff&#8221; font_family=&#8221;none&#8221;] SIMPLE LLAMADA [\/mk_fancy_title][vc_column_text el_class=&#8221;services&#8221; css=&#8221;.vc_custom_1639840254113{margin-bottom: 0px !important;}&#8221;] Asistencia 24\/7 para carros entrega del veh\u00edculo a su hotel o aeropuerto* la sustituci\u00f3n inmediata del veh\u00edculo en caso de aver\u00eda grave ** Lavado y mantenimiento cuando se quiere *** [\/vc_column_text][vc_empty_space][vc_column_text] Nuestros [&hellip;]<\/p>\n","protected":false},"author":2,"featured_media":0,"parent":0,"menu_order":0,"comment_status":"closed","ping_status":"closed","template":"","meta":{"footnotes":""},"class_list":["post-292","page","type-page","status-publish","hentry"],"_links":{"self":[{"href":"http:\/\/www.holidaysrental-lasterrenas.com\/es\/wp-json\/wp\/v2\/pages\/292","targetHints":{"allow":["GET"]}}],"collection":[{"href":"http:\/\/www.holidaysrental-lasterrenas.com\/es\/wp-json\/wp\/v2\/pages"}],"about":[{"href":"http:\/\/www.holidaysrental-lasterrenas.com\/es\/wp-json\/wp\/v2\/types\/page"}],"author":[{"embeddable":true,"href":"http:\/\/www.holidaysrental-lasterrenas.com\/es\/wp-json\/wp\/v2\/users\/2"}],"replies":[{"embeddable":true,"href":"http:\/\/www.holidaysrental-lasterrenas.com\/es\/wp-json\/wp\/v2\/comments?post=292"}],"version-history":[{"count":6,"href":"http:\/\/www.holidaysrental-lasterrenas.com\/es\/wp-json\/wp\/v2\/pages\/292\/revisions"}],"predecessor-version":[{"id":750,"href":"http:\/\/www.holidaysrental-lasterrenas.com\/es\/wp-json\/wp\/v2\/pages\/292\/revisions\/750"}],"wp:attachment":[{"href":"http:\/\/www.holidaysrental-lasterrenas.com\/es\/wp-json\/wp\/v2\/media?parent=292"}],"curies":[{"name":"wp","href":"https:\/\/api.w.org\/{rel}","templated":true}]}}