{"id":282,"date":"2016-05-04T13:37:07","date_gmt":"2016-05-04T12:37:07","guid":{"rendered":"http:\/\/www.holidaysrental-lasterrenas.com\/es\/reservation\/"},"modified":"2024-07-16T09:15:30","modified_gmt":"2024-07-16T08:15:30","slug":"reserva","status":"publish","type":"page","link":"http:\/\/www.holidaysrental-lasterrenas.com\/es\/reserva\/","title":{"rendered":"Reserva"},"content":{"rendered":"<div class=\"wpb-content-wrapper\">[vc_row fullwidth=&#8221;true&#8221; fullwidth_content=&#8221;false&#8221; css=&#8221;.vc_custom_1462365310878{background-image: url(http:\/\/www.holidaysrental-lasterrenas.com\/site\/wp-content\/uploads\/2016\/05\/background-services.jpg?id=50) !important;background-position: center !important;background-repeat: no-repeat !important;background-size: cover !important;}&#8221;][vc_column][mk_padding_divider][vc_row_inner css=&#8221;.vc_custom_1462795338844{background-color: rgba(255,255,255,0.4) !important;*background-color: rgb(255,255,255) !important;}&#8221;][vc_column_inner width=&#8221;1\/6&#8243;][\/vc_column_inner][vc_column_inner width=&#8221;4\/6&#8243;][vc_column_text]\n<div class=\"wpcf7 no-js\" id=\"wpcf7-f283-o1\" lang=\"fr-FR\" dir=\"ltr\" data-wpcf7-id=\"283\">\n<div class=\"screen-reader-response\"><p role=\"status\" aria-live=\"polite\" aria-atomic=\"true\"><\/p> <ul><\/ul><\/div>\n<form action=\"\/es\/wp-json\/wp\/v2\/pages\/282#wpcf7-f283-o1\" method=\"post\" class=\"wpcf7-form init\" aria-label=\"Contact form\" novalidate=\"novalidate\" data-status=\"init\">\n<fieldset class=\"hidden-fields-container\"><input type=\"hidden\" name=\"_wpcf7\" value=\"283\" \/><input type=\"hidden\" name=\"_wpcf7_version\" value=\"6.1.5\" \/><input type=\"hidden\" name=\"_wpcf7_locale\" value=\"fr_FR\" \/><input type=\"hidden\" name=\"_wpcf7_unit_tag\" value=\"wpcf7-f283-o1\" \/><input type=\"hidden\" name=\"_wpcf7_container_post\" value=\"0\" \/><input type=\"hidden\" name=\"_wpcf7_posted_data_hash\" value=\"\" \/><input type=\"hidden\" name=\"_wpcf7_recaptcha_response\" value=\"\" \/>\n<\/fieldset>\n<div class=\"resa\">\n\t<p><span style=\"margin-right:146px\">Elige tu vehiculo: <\/span><span style=\"display: inline-block; background: white;\"><span class=\"wpcf7-form-control-wrap\" data-name=\"vehicules\"><select class=\"wpcf7-form-control wpcf7-select wpcf7-validates-as-required\" aria-required=\"true\" aria-invalid=\"false\" name=\"vehicules\"><option value=\"\">&#8212;Please choose an option&#8212;<\/option><option value=\"Toyota Rush 7 plazas\">Toyota Rush 7 plazas<\/option><option value=\"Kia Seltos\">Kia Seltos<\/option><option value=\"Geely Coolray\">Geely Coolray<\/option><option value=\"Kia Sonet\">Kia Sonet<\/option><option value=\"Geely GX pro\">Geely GX pro<\/option><option value=\"Kia Picanto\">Kia Picanto<\/option><option value=\"Buggy Honda Pioneer de 2 plazas\">Buggy Honda Pioneer de 2 plazas<\/option><option value=\"Buggy polaris de 6 plazas\">Buggy polaris de 6 plazas<\/option><option value=\"Quad CF 400 cc\">Quad CF 400 cc<\/option><option value=\"Quad Loncin 300cc\">Quad Loncin 300cc<\/option><option value=\"Scooters 125cc\">Scooters 125cc<\/option><option value=\"Scooters 150cc\">Scooters 150cc<\/option><\/select><\/span><\/span>\n\t<\/p>\n\t<p><span style=\"margin-right:20px\">Su nombre y apellido (requerido): <\/span><span class=\"wpcf7-form-control-wrap\" data-name=\"your-name\"><input size=\"40\" maxlength=\"400\" class=\"wpcf7-form-control wpcf7-text wpcf7-validates-as-required\" aria-required=\"true\" aria-invalid=\"false\" value=\"\" type=\"text\" name=\"your-name\" \/><\/span>\n\t<\/p>\n\t<p><span style=\"margin-right:114px\">Su Email (requerido): <\/span><span class=\"wpcf7-form-control-wrap\" data-name=\"your-email\"><input size=\"40\" maxlength=\"400\" class=\"wpcf7-form-control wpcf7-email wpcf7-validates-as-required wpcf7-text wpcf7-validates-as-email\" aria-required=\"true\" aria-invalid=\"false\" value=\"\" type=\"email\" name=\"your-email\" \/><\/span>\n\t<\/p>\n\t<p><span style=\"margin-right:124px\">Su pa\u00eds (requerido): <\/span><span style=\"display: inline-block; background: white;\"><span class=\"wpcf7-form-control-wrap\" data-name=\"pays\"><select class=\"wpcf7-form-control wpcf7-select wpcf7-validates-as-required\" aria-required=\"true\" aria-invalid=\"false\" name=\"pays\"><option value=\"\">&#8212;Please choose an option&#8212;<\/option><option value=\"Francia\">Francia<\/option><option value=\"Europa\">Europa<\/option><option value=\"Am\u00e9rica del Norte\">Am\u00e9rica del Norte<\/option><option value=\"Am\u00e9rica del Sur\">Am\u00e9rica del Sur<\/option><option value=\"Otros\">Otros<\/option><\/select><\/span><\/span>\n\t<\/p>\n\t<p><span style=\"margin-right:200px\">Tel\u00e9fono: <\/span><span class=\"wpcf7-form-control-wrap\" data-name=\"telephone\"><input size=\"40\" maxlength=\"400\" class=\"wpcf7-form-control wpcf7-tel wpcf7-text wpcf7-validates-as-tel\" aria-invalid=\"false\" value=\"\" type=\"tel\" name=\"telephone\" \/><\/span>\n\t<\/p>\n\t<p><span style=\"margin-right:127px\">Fecha de inicio del alquiler (requerido): <\/span><span class=\"wpcf7-form-control-wrap\" data-name=\"date-arrivee\"><input class=\"wpcf7-form-control wpcf7-date wpcf7-validates-as-required wpcf7-validates-as-date\" aria-required=\"true\" aria-invalid=\"false\" value=\"\" type=\"date\" name=\"date-arrivee\" \/><\/span>\n\t<\/p>\n\t<p><span style=\"margin-right:148px\">Fecha de fin del alquiler (requerido): <\/span><span class=\"wpcf7-form-control-wrap\" data-name=\"date-depart\"><input class=\"wpcf7-form-control wpcf7-date wpcf7-validates-as-required wpcf7-validates-as-date\" aria-required=\"true\" aria-invalid=\"false\" value=\"\" type=\"date\" name=\"date-depart\" \/><\/span>\n\t<\/p>\n\t<p><span style=\"margin-right:164px\">Su mensaje:<\/span><span class=\"wpcf7-form-control-wrap\" data-name=\"your-message\"><textarea cols=\"20\" rows=\"4\" maxlength=\"2000\" class=\"wpcf7-form-control wpcf7-textarea\" aria-invalid=\"false\" name=\"your-message\"><\/textarea><\/span>\n\t<\/p>\n\t<p style=\"margin-top: 20px;\"><input class=\"wpcf7-form-control wpcf7-submit has-spinner\" type=\"submit\" value=\"Enviar\" \/>\n\t<\/p>\n<\/div><div class=\"wpcf7-response-output\" aria-hidden=\"true\"><\/div>\n<\/form>\n<\/div>\n[\/vc_column_text][\/vc_column_inner][vc_column_inner width=&#8221;1\/6&#8243;][\/vc_column_inner][\/vc_row_inner][\/vc_column][\/vc_row][vc_row css=&#8221;.vc_custom_1554460297425{margin-top: 20px !important;background-color: rgba(255,255,255,0.4) !important;*background-color: rgb(255,255,255) !important;}&#8221;][vc_column][vc_column_text css=&#8221;.vc_custom_1721117723426{margin-bottom: 20px !important;}&#8221;]\n<h2 style=\"text-align: center;\">RESERVAS Y REGLAS<\/h2>\n<h3>1 \u2013 RESERVAS:<\/h3>\n<p>Para todas las reservas se requiere un dep\u00f3sito m\u00ednimo del 20%.<\/p>\n<p>La reserva queda confirmada cuando el dinero es transferido y recibido en nuestra cuenta.<br \/>\nLa facturaci\u00f3n se expresa en D\u00f3lares Americanos. Los tipos de cambio aplicados se calcular\u00e1n e indicar\u00e1n seg\u00fan el tipo de cambio local del d\u00eda de la transacci\u00f3n.<\/p>\n<h3>2 \u2013REGLAMENTOS:<\/h3>\n<p>Consulta con la agencia las condiciones de pago.<\/p>\n<p>Gastos de cancelaci\u00f3n: Los cargos en cuesti\u00f3n son los cargos calculados en relaci\u00f3n al dep\u00f3sito pagado en el momento de la confirmaci\u00f3n de la reserva antes de su llegada al pa\u00eds.<\/p>\n<p>\u2013 Reembolso del 100% hasta 30 d\u00edas antes de la llegada.<br \/>\n\u2013 Cr\u00e9dito de la totalidad del dep\u00f3sito durante 1 a\u00f1o entre el d\u00eda 29 y el d\u00eda 7 antes de tu llegada<br \/>\n\u2013 Cr\u00e9dito del 50% del dep\u00f3sito durante 1 a\u00f1o entre el d\u00eda 6 y el d\u00eda de tu llegada.<\/p>\n<p>Una reserva queda oficialmente cancelada, cualquiera que sea el motivo aducido, cuando la persona ha enviado un correo electr\u00f3nico de cancelaci\u00f3n y ha recibido a su vuelta de la agencia un correo electr\u00f3nico confirmando la recepci\u00f3n de dicha cancelaci\u00f3n.[\/vc_column_text][\/vc_column][\/vc_row][vc_row][vc_column][vc_column_text][\/vc_column_text][\/vc_column][\/vc_row]\n<\/div>","protected":false},"excerpt":{"rendered":"<p>[vc_row fullwidth=&#8221;true&#8221; fullwidth_content=&#8221;false&#8221; css=&#8221;.vc_custom_1462365310878{background-image: url(http:\/\/www.holidaysrental-lasterrenas.com\/site\/wp-content\/uploads\/2016\/05\/background-services.jpg?id=50) !important;background-position: center !important;background-repeat: no-repeat !important;background-size: cover !important;}&#8221;][vc_column][mk_padding_divider][vc_row_inner css=&#8221;.vc_custom_1462795338844{background-color: rgba(255,255,255,0.4) !important;*background-color: rgb(255,255,255) !important;}&#8221;][vc_column_inner width=&#8221;1\/6&#8243;][\/vc_column_inner][vc_column_inner width=&#8221;4\/6&#8243;][vc_column_text][\/vc_column_text][\/vc_column_inner][vc_column_inner width=&#8221;1\/6&#8243;][\/vc_column_inner][\/vc_row_inner][\/vc_column][\/vc_row][vc_row css=&#8221;.vc_custom_1554460297425{margin-top: 20px !important;background-color: rgba(255,255,255,0.4) !important;*background-color: rgb(255,255,255) !important;}&#8221;][vc_column][vc_column_text css=&#8221;.vc_custom_1721117723426{margin-bottom: 20px !important;}&#8221;] RESERVAS Y REGLAS 1 \u2013 RESERVAS: Para todas las reservas se requiere un dep\u00f3sito m\u00ednimo del 20%. La reserva queda confirmada cuando el dinero es [&hellip;]<\/p>\n","protected":false},"author":2,"featured_media":0,"parent":0,"menu_order":0,"comment_status":"closed","ping_status":"closed","template":"","meta":{"footnotes":""},"class_list":["post-282","page","type-page","status-publish","hentry"],"_links":{"self":[{"href":"http:\/\/www.holidaysrental-lasterrenas.com\/es\/wp-json\/wp\/v2\/pages\/282","targetHints":{"allow":["GET"]}}],"collection":[{"href":"http:\/\/www.holidaysrental-lasterrenas.com\/es\/wp-json\/wp\/v2\/pages"}],"about":[{"href":"http:\/\/www.holidaysrental-lasterrenas.com\/es\/wp-json\/wp\/v2\/types\/page"}],"author":[{"embeddable":true,"href":"http:\/\/www.holidaysrental-lasterrenas.com\/es\/wp-json\/wp\/v2\/users\/2"}],"replies":[{"embeddable":true,"href":"http:\/\/www.holidaysrental-lasterrenas.com\/es\/wp-json\/wp\/v2\/comments?post=282"}],"version-history":[{"count":14,"href":"http:\/\/www.holidaysrental-lasterrenas.com\/es\/wp-json\/wp\/v2\/pages\/282\/revisions"}],"predecessor-version":[{"id":921,"href":"http:\/\/www.holidaysrental-lasterrenas.com\/es\/wp-json\/wp\/v2\/pages\/282\/revisions\/921"}],"wp:attachment":[{"href":"http:\/\/www.holidaysrental-lasterrenas.com\/es\/wp-json\/wp\/v2\/media?parent=282"}],"curies":[{"name":"wp","href":"https:\/\/api.w.org\/{rel}","templated":true}]}}