{"id":277,"date":"2016-10-03T12:19:48","date_gmt":"2016-10-03T11:19:48","guid":{"rendered":"http:\/\/www.holidaysrental-lasterrenas.com\/es\/?page_id=277"},"modified":"2025-11-12T11:50:13","modified_gmt":"2025-11-12T10:50:13","slug":"nuestros-vehiculos","status":"publish","type":"page","link":"http:\/\/www.holidaysrental-lasterrenas.com\/es\/nuestros-vehiculos\/","title":{"rendered":"Nuestros veh\u00edculos"},"content":{"rendered":"<div class=\"wpb-content-wrapper\">[vc_row][vc_column][\/vc_column][\/vc_row][vc_row css=&#8221;.vc_custom_1456876777017{margin-top: 20px !important;}&#8221;][vc_column css=&#8221;.vc_custom_1639840447260{margin-top: 50px !important;}&#8221;][vc_column_text css=&#8221;.vc_custom_1639840410625{margin-bottom: 0px !important;}&#8221;]\n<p style=\"text-align: center;\"><span style=\"color: #fe6b38;\">Con Holiday Rental, se beneficia de una flota de autos renovados para sus vacaciones en Las Terrenas en Rep\u00fablica Dominicana.<\/span><\/p>\n[\/vc_column_text][\/vc_column][\/vc_row][vc_row id=&#8221;vehicules-1&#8243;][vc_column][mk_fancy_title margin_bottom=&#8221;0&#8243; font_family=&#8221;none&#8221;]\n<h2>NUESTROS COCHES<\/h2>\n[\/mk_fancy_title][mk_divider style=&#8221;thin_solid&#8221; divider_width=&#8221;one_fourth&#8221; align=&#8221;left&#8221; thin_single_color=&#8221;#fe6b38&#8243; thickness=&#8221;2&#8243; margin_top=&#8221;0&#8243;][vc_row_inner][vc_column_inner el_class=&#8221;assistance&#8221; width=&#8221;1\/2&#8243;][vc_column_text css=&#8221;.vc_custom_1639840914630{margin-bottom: 0px !important;}&#8221;]<img loading=\"lazy\" decoding=\"async\" class=\"size-full wp-image-719 alignleft\" src=\"http:\/\/www.holidaysrental-lasterrenas.com\/site\/wp-content\/uploads\/2021\/12\/service-24-24-7-7.png\" alt=\"\" width=\"200\" height=\"121\" \/><\/p>\n<h3 style=\"padding-top: 29px; color: #ff0000;\"><strong>Nuevo ! Asistencia 24\/7<\/strong><\/h3>\n[\/vc_column_text][\/vc_column_inner][vc_column_inner el_class=&#8221;siege-bebe&#8221; width=&#8221;1\/2&#8243;][vc_column_text css=&#8221;.vc_custom_1639840921262{margin-bottom: 0px !important;}&#8221;]<img loading=\"lazy\" decoding=\"async\" class=\"wp-image-739 alignright\" src=\"http:\/\/www.holidaysrental-lasterrenas.com\/site\/wp-content\/uploads\/2021\/12\/siege-bebe.jpg\" alt=\"\" width=\"150\" height=\"166\" srcset=\"http:\/\/www.holidaysrental-lasterrenas.com\/site\/wp-content\/uploads\/2021\/12\/siege-bebe.jpg 300w, http:\/\/www.holidaysrental-lasterrenas.com\/site\/wp-content\/uploads\/2021\/12\/siege-bebe-272x300.jpg 272w\" sizes=\"auto, (max-width: 150px) 100vw, 150px\" \/><\/p>\n<h4 style=\"padding-top: 47px; color: #ff0000 !important; text-align: right;\"><strong>Asientos para ni\u00f1os disponibles de forma gratuita bajo petici\u00f3n<\/strong><\/h4>\n[\/vc_column_text][\/vc_column_inner][\/vc_row_inner][mk_fancy_title margin_bottom=&#8221;0&#8243; font_family=&#8221;none&#8221;]\n<h2>SUV<\/h2>\n[\/mk_fancy_title][mk_divider style=&#8221;thin_solid&#8221; divider_width=&#8221;one_fourth&#8221; align=&#8221;left&#8221; thin_single_color=&#8221;#fe6b38&#8243; thickness=&#8221;2&#8243; margin_top=&#8221;0&#8243;][\/vc_column][\/vc_row][vc_row css=&#8221;.vc_custom_1657270200157{margin-bottom: 20px !important;background-image: url(http:\/\/www.holidaysrental-lasterrenas.com\/site\/wp-content\/uploads\/2016\/03\/fd-pneu.png?id=23) !important;background-position: center !important;background-repeat: no-repeat !important;background-size: contain !important;}&#8221;][vc_column width=&#8221;1\/3&#8243;][mk_flipbox front_background_color=&#8221;#febe11&#8243; back_background_color=&#8221;#005aa9&#8243; min_height=&#8221;348&#8243; image=&#8221;http:\/\/www.holidaysrental-lasterrenas.com\/site\/wp-content\/uploads\/2023\/09\/toyota-rush.jpg&#8221; front_title=&#8221;Toyota Rush 7 plazas&#8221; font_weight=&#8221;bold&#8221; back_desc=&#8221;Alquilar su auto<br \/>\nToyota Rush 7 plazas por sus vacaciones en Las Terrenas<br \/>\ncon su alquiler de coches<br \/>\nHolidays Rental &#8211; Alquiler de coches en Las Terrenas&#8221; back_desc_size=&#8221;18&#8243; back_desc_color=&#8221;#ffffff&#8221; button_url=&#8221;http:\/\/www.holidaysrental-lasterrenas.com\/site\/reserva\/&#8221; button_text=&#8221;Presupuesto gratuito&#8221; button_bg_color=&#8221;#febe11&#8243; button_bg_hover_color=&#8221;#ffffff&#8221; button_text_skin=&#8221;dark&#8221;][\/vc_column][vc_column width=&#8221;1\/3&#8243;][mk_flipbox front_background_color=&#8221;#febe11&#8243; back_background_color=&#8221;#005aa9&#8243; min_height=&#8221;348&#8243; image=&#8221;http:\/\/www.holidaysrental-lasterrenas.com\/site\/wp-content\/uploads\/2024\/06\/kia-seltos-es.jpg&#8221; front_title=&#8221;Kia Seltos&#8221; font_weight=&#8221;bold&#8221; back_desc=&#8221;Alquilar su auto con seguro FULL incluido<br \/>\nKia Seltos por sus vacaciones en Las Terrenas<br \/>\ncon su alquiler de coches<br \/>\nHolidays Rental &#8211; Alquiler de coches en Las Terrenas&#8221; back_desc_size=&#8221;18&#8243; back_desc_color=&#8221;#ffffff&#8221; button_url=&#8221;http:\/\/www.holidaysrental-lasterrenas.com\/site\/reserva\/&#8221; button_text=&#8221;Presupuesto gratuito&#8221; button_bg_color=&#8221;#febe11&#8243; button_bg_hover_color=&#8221;#ffffff&#8221; button_text_skin=&#8221;dark&#8221;][\/vc_column][vc_column width=&#8221;1\/3&#8243;][mk_flipbox front_background_color=&#8221;#febe11&#8243; back_background_color=&#8221;#005aa9&#8243; min_height=&#8221;348&#8243; image=&#8221;http:\/\/www.holidaysrental-lasterrenas.com\/site\/wp-content\/uploads\/2025\/10\/geely-coolray-es.jpg&#8221; front_title=&#8221;Geely Coolray&#8221; font_weight=&#8221;bold&#8221; back_desc=&#8221;Alquilar su auto<br \/>\nGeely Coolray por sus vacaciones en Las Terrenas<br \/>\ncon su alquiler de coches<br \/>\nHolidays Rental &#8211; Alquiler de coches en Las Terrenas&#8221; back_desc_size=&#8221;18&#8243; back_desc_color=&#8221;#ffffff&#8221; button_url=&#8221;http:\/\/www.holidaysrental-lasterrenas.com\/site\/reserva\/&#8221; button_text=&#8221;Presupuesto gratuito&#8221; button_bg_color=&#8221;#febe11&#8243; button_bg_hover_color=&#8221;#ffffff&#8221; button_text_skin=&#8221;dark&#8221;][\/vc_column][\/vc_row][vc_row css=&#8221;.vc_custom_1657270253267{margin-bottom: 0px !important;background-position: center !important;background-repeat: no-repeat !important;background-size: contain !important;}&#8221;][vc_column][mk_fancy_title margin_bottom=&#8221;0&#8243; font_family=&#8221;none&#8221;]\n<h2>SUV COMPACTO<\/h2>\n[\/mk_fancy_title][mk_divider style=&#8221;thin_solid&#8221; divider_width=&#8221;one_fourth&#8221; align=&#8221;left&#8221; thin_single_color=&#8221;#fe6b38&#8243; thickness=&#8221;2&#8243; margin_top=&#8221;0&#8243;][\/vc_column][\/vc_row][vc_row css=&#8221;.vc_custom_1474361976076{margin-bottom: 20px !important;background-image: url(http:\/\/www.holidaysrental-lasterrenas.com\/site\/wp-content\/uploads\/2016\/03\/fd-pneu.png?id=23) !important;background-position: center !important;background-repeat: no-repeat !important;background-size: contain !important;}&#8221;][vc_column width=&#8221;1\/3&#8243;][mk_flipbox front_background_color=&#8221;#febe11&#8243; back_background_color=&#8221;#005aa9&#8243; min_height=&#8221;348&#8243; image=&#8221;http:\/\/www.holidaysrental-lasterrenas.com\/site\/wp-content\/uploads\/2021\/12\/kia-sonet-2.jpg&#8221; front_title=&#8221;Kia Sonet&#8221; font_weight=&#8221;bold&#8221; back_desc=&#8221;Alquilar su auto<br \/>\nKia Sonet por sus vacaciones en Las Terrenas<br \/>\ncon su alquiler de coches<br \/>\nHolidays Rental &#8211; Alquiler de coches en Las Terrenas&#8221; back_desc_size=&#8221;18&#8243; back_desc_color=&#8221;#ffffff&#8221; button_url=&#8221;http:\/\/www.holidaysrental-lasterrenas.com\/site\/reserva\/&#8221; button_text=&#8221;Presupuesto gratuito&#8221; button_bg_color=&#8221;#febe11&#8243; button_bg_hover_color=&#8221;#ffffff&#8221; button_text_skin=&#8221;dark&#8221;][\/vc_column][vc_column width=&#8221;1\/3&#8243;][mk_flipbox front_background_color=&#8221;#febe11&#8243; back_background_color=&#8221;#005aa9&#8243; min_height=&#8221;348&#8243; image=&#8221;http:\/\/www.holidaysrental-lasterrenas.com\/site\/wp-content\/uploads\/2025\/10\/geely-gx-pro-es.jpg&#8221; front_title=&#8221;Geely GX pro&#8221; font_weight=&#8221;bold&#8221; back_desc=&#8221;Alquilar su auto<br \/>\nGeely GX pro por sus vacaciones en Las Terrenas<br \/>\ncon su alquiler de coches<br \/>\nHolidays Rental &#8211; Alquiler de coches en Las Terrenas&#8221; back_desc_size=&#8221;18&#8243; back_desc_color=&#8221;#ffffff&#8221; button_url=&#8221;http:\/\/www.holidaysrental-lasterrenas.com\/site\/reserva\/&#8221; button_text=&#8221;Presupuesto gratuito&#8221; button_bg_color=&#8221;#febe11&#8243; button_bg_hover_color=&#8221;#ffffff&#8221; button_text_skin=&#8221;dark&#8221;][\/vc_column][vc_column width=&#8221;1\/3&#8243;][mk_flipbox front_background_color=&#8221;#febe11&#8243; back_background_color=&#8221;#005aa9&#8243; min_height=&#8221;348&#8243; image=&#8221;http:\/\/www.holidaysrental-lasterrenas.com\/site\/wp-content\/uploads\/2022\/07\/kia-sonet-rouge.jpg&#8221; front_title=&#8221;Kia Sonet roja&#8221; font_weight=&#8221;bold&#8221; back_desc=&#8221;Alquilar su auto<br \/>\nKia Sonet roja por sus vacaciones en Las Terrenas<br \/>\ncon su alquiler de coches<br \/>\nHolidays Rental &#8211; Alquiler de coches en Las Terrenas&#8221; back_desc_size=&#8221;18&#8243; back_desc_color=&#8221;#ffffff&#8221; button_url=&#8221;http:\/\/www.holidaysrental-lasterrenas.com\/site\/reserva\/&#8221; button_text=&#8221;Presupuesto gratuito&#8221; button_bg_color=&#8221;#febe11&#8243; button_bg_hover_color=&#8221;#ffffff&#8221; button_text_skin=&#8221;dark&#8221;][\/vc_column][\/vc_row][vc_row css=&#8221;.vc_custom_1657270262212{margin-bottom: 20px !important;background-position: center !important;background-repeat: no-repeat !important;background-size: contain !important;}&#8221;][vc_column][mk_fancy_title margin_bottom=&#8221;0&#8243; font_family=&#8221;none&#8221;]\n<h2>CITADINAS<\/h2>\n[\/mk_fancy_title][mk_divider style=&#8221;thin_solid&#8221; divider_width=&#8221;one_fourth&#8221; align=&#8221;left&#8221; thin_single_color=&#8221;#fe6b38&#8243; thickness=&#8221;2&#8243; margin_top=&#8221;0&#8243;][\/vc_column][\/vc_row][vc_row css=&#8221;.vc_custom_1474361976076{margin-bottom: 20px !important;background-image: url(http:\/\/www.holidaysrental-lasterrenas.com\/site\/wp-content\/uploads\/2016\/03\/fd-pneu.png?id=23) !important;background-position: center !important;background-repeat: no-repeat !important;background-size: contain !important;}&#8221;][vc_column width=&#8221;1\/3&#8243;][mk_flipbox front_background_color=&#8221;#febe11&#8243; back_background_color=&#8221;#005aa9&#8243; min_height=&#8221;348&#8243; image=&#8221;http:\/\/www.holidaysrental-lasterrenas.com\/site\/wp-content\/uploads\/2025\/11\/kia-picanto-grise-2.jpg&#8221; front_title=&#8221;Kia Picanto&#8221; front_title_size=&#8221;20&#8243; back_title_size=&#8221;20&#8243; font_weight=&#8221;bold&#8221; front_desc_size=&#8221;20&#8243; back_desc=&#8221;Alquilar su auto<br \/>\nKia Picanto por sus vacaciones en Las Terrenas<br \/>\ncon su alquiler de coches<br \/>\nHolidays Rental &#8211; Alquiler de coches en Las Terrenas&#8221; back_desc_size=&#8221;18&#8243; back_desc_color=&#8221;#ffffff&#8221; button_url=&#8221;http:\/\/www.holidaysrental-lasterrenas.com\/site\/reserva\/&#8221; button_text=&#8221;Presupuesto gratuito&#8221; button_bg_color=&#8221;#febe11&#8243; button_bg_hover_color=&#8221;#ffffff&#8221; button_text_skin=&#8221;dark&#8221;][\/vc_column][vc_column width=&#8221;1\/3&#8243;][mk_flipbox front_background_color=&#8221;#febe11&#8243; back_background_color=&#8221;#005aa9&#8243; min_height=&#8221;348&#8243; image=&#8221;http:\/\/www.holidaysrental-lasterrenas.com\/site\/wp-content\/uploads\/2022\/07\/kia-picanto-noir.jpg&#8221; front_title=&#8221;Kia Picanto negro&#8221; font_weight=&#8221;bold&#8221; back_desc=&#8221;Alquilar su auto<br \/>\nKia Picanto negro por sus vacaciones en Las Terrenas<br \/>\ncon su alquiler de coches<br \/>\nHolidays Rental &#8211; Alquiler de coches en Las Terrenas&#8221; back_desc_size=&#8221;18&#8243; back_desc_color=&#8221;#ffffff&#8221; button_url=&#8221;http:\/\/www.holidaysrental-lasterrenas.com\/site\/reserva\/&#8221; button_text=&#8221;Presupuesto gratuito&#8221; button_bg_color=&#8221;#febe11&#8243; button_bg_hover_color=&#8221;#ffffff&#8221; button_text_skin=&#8221;dark&#8221;][\/vc_column][vc_column width=&#8221;1\/3&#8243;][mk_flipbox front_background_color=&#8221;#febe11&#8243; back_background_color=&#8221;#005aa9&#8243; min_height=&#8221;348&#8243; image=&#8221;http:\/\/www.holidaysrental-lasterrenas.com\/site\/wp-content\/uploads\/2025\/10\/kia-picanto-red.jpg&#8221; front_title=&#8221;Kia Picanto rojo&#8221; font_weight=&#8221;bold&#8221; back_desc=&#8221;Alquilar su auto<br \/>\nKia Picanto rojo por sus vacaciones en Las Terrenas<br \/>\ncon su alquiler de coches<br \/>\nHolidays Rental &#8211; Alquiler de coches en Las Terrenas&#8221; back_desc_size=&#8221;18&#8243; back_desc_color=&#8221;#ffffff&#8221; button_url=&#8221;http:\/\/www.holidaysrental-lasterrenas.com\/site\/reserva\/&#8221; button_text=&#8221;Presupuesto gratuito&#8221; button_bg_color=&#8221;#febe11&#8243; button_bg_hover_color=&#8221;#ffffff&#8221; button_text_skin=&#8221;dark&#8221;][\/vc_column][\/vc_row][vc_row][vc_column css=&#8221;.vc_custom_1639840606564{margin-bottom: 20px !important;}&#8221;][mk_padding_divider size=&#8221;20&#8243;][vc_column_text css=&#8221;.vc_custom_1639840596065{margin-bottom: 0px !important;}&#8221;]\n<p style=\"text-align: center;\"><span style=\"color: #fe6b38;\">Posibilidad de entrega y devoluci\u00f3n de su auto a su hotel de forma gratuita o a los aeropuertos de El Catey, Las Am\u00e9ricas Santo Domingo y Punta Cana (alquiler m\u00ednimo 1 semana)<\/span><br \/>\n<span style=\"color: #fe6b38;\">Gastos de env\u00edo al aeropuerto a solicitar seg\u00fan lugar y hora de llegada.<\/span>[\/vc_column_text][\/vc_column][\/vc_row][vc_row id=&#8221;vehicules-2&#8243;][vc_column][mk_fancy_title margin_bottom=&#8221;0&#8243; font_family=&#8221;none&#8221;]\n<h2>NUESTROS quads, scooters y MOTOCICLETA <span style=\"font-size: 16px; font-weight: 400; text-transform: initial;\">Cascos disponibles sin cargo<\/span><\/h2>\n[\/mk_fancy_title][mk_divider style=&#8221;thin_solid&#8221; divider_width=&#8221;one_fourth&#8221; align=&#8221;left&#8221; thin_single_color=&#8221;#fe6b38&#8243; thickness=&#8221;2&#8243; margin_top=&#8221;0&#8243;][\/vc_column][\/vc_row][vc_row fullwidth=&#8221;true&#8221; fullwidth_content=&#8221;false&#8221; css=&#8221;.vc_custom_1463497652984{margin-bottom: 30px !important;background-image: url(http:\/\/www.holidaysrental-lasterrenas.com\/site\/wp-content\/uploads\/2016\/03\/fd-pneu.png?id=23) !important;background-position: center !important;background-repeat: no-repeat !important;background-size: contain !important;}&#8221;][vc_column width=&#8221;1\/2&#8243;][mk_flipbox front_background_color=&#8221;#febe11&#8243; back_background_color=&#8221;#005aa9&#8243; min_height=&#8221;392&#8243; image=&#8221;http:\/\/www.holidaysrental-lasterrenas.com\/site\/wp-content\/uploads\/2025\/11\/honda-pioneer-520-2.jpg&#8221; front_title=&#8221;Buggy Honda Pioneer de 2 plazas&#8221; font_weight=&#8221;bold&#8221; back_desc=&#8221;Alquilar su Buggy Honda Pioneer de 2 plazas por sus vacaciones en Las Terrenas<br \/>\ncon su alquiler de quad<br \/>\nHolidays Rental &#8211; Alquiler de quad en Las Terrenas&#8221; back_desc_size=&#8221;18&#8243; back_desc_color=&#8221;#ffffff&#8221; button_url=&#8221;http:\/\/www.holidaysrental-lasterrenas.com\/site\/reserva\/&#8221; button_text=&#8221;Presupuesto gratuito&#8221; button_bg_color=&#8221;#febe11&#8243; button_bg_hover_color=&#8221;#ffffff&#8221; button_text_skin=&#8221;dark&#8221;][mk_flipbox front_background_color=&#8221;#febe11&#8243; back_background_color=&#8221;#005aa9&#8243; min_height=&#8221;392&#8243; image=&#8221;http:\/\/www.holidaysrental-lasterrenas.com\/site\/wp-content\/uploads\/2022\/07\/quad-loncin-300.jpg&#8221; front_title=&#8221;Quad Loncin 300cc&#8221; font_weight=&#8221;bold&#8221; back_desc=&#8221;Alquilar su Quad Loncin 300cc por sus vacaciones en Las Terrenas<br \/>\ncon su alquiler de quad<br \/>\nHolidays Rental &#8211; Alquiler de scooter en Las Terrenas&#8221; back_desc_size=&#8221;18&#8243; back_desc_color=&#8221;#ffffff&#8221; button_url=&#8221;http:\/\/www.holidaysrental-lasterrenas.com\/site\/reserva\/&#8221; button_text=&#8221;Presupuesto gratuito&#8221; button_bg_color=&#8221;#febe11&#8243; button_bg_hover_color=&#8221;#ffffff&#8221; button_text_skin=&#8221;dark&#8221;][mk_flipbox front_background_color=&#8221;#febe11&#8243; back_background_color=&#8221;#005aa9&#8243; min_height=&#8221;392&#8243; image=&#8221;http:\/\/www.holidaysrental-lasterrenas.com\/site\/wp-content\/uploads\/2021\/10\/scooters-150cc.jpg&#8221; front_title=&#8221;Scooters 150cc&#8221; font_weight=&#8221;bold&#8221; back_desc=&#8221;Alquilar su scooter 150cc<br \/>\npor sus vacaciones en Las Terrenas<br \/>\ncon su alquiler de quad<br \/>\nHolidays Rental &#8211; Alquiler de scooter en Las Terrenas&#8221; back_desc_size=&#8221;18&#8243; back_desc_color=&#8221;#ffffff&#8221; button_url=&#8221;http:\/\/www.holidaysrental-lasterrenas.com\/site\/reserva\/&#8221; button_text=&#8221;Presupuesto gratuito&#8221; button_bg_color=&#8221;#febe11&#8243; button_bg_hover_color=&#8221;#ffffff&#8221; button_text_skin=&#8221;dark&#8221;][\/vc_column][vc_column width=&#8221;1\/2&#8243;][mk_flipbox front_background_color=&#8221;#febe11&#8243; back_background_color=&#8221;#005aa9&#8243; min_height=&#8221;392&#8243; image=&#8221;http:\/\/www.holidaysrental-lasterrenas.com\/site\/wp-content\/uploads\/2024\/08\/buggy-polaris.jpg&#8221; front_title=&#8221;Buggy polaris de 6 plazas&#8221; font_weight=&#8221;bold&#8221; back_desc=&#8221;Alquilar su Buggy polaris de 6 plazas por sus vacaciones en Las Terrenas<br \/>\ncon su alquiler de quad<br \/>\nHolidays Rental &#8211; Alquiler de quad en Las Terrenas&#8221; back_desc_size=&#8221;18&#8243; back_desc_color=&#8221;#ffffff&#8221; button_url=&#8221;http:\/\/www.holidaysrental-lasterrenas.com\/site\/reserva\/&#8221; button_text=&#8221;Presupuesto gratuito&#8221; button_bg_color=&#8221;#febe11&#8243; button_bg_hover_color=&#8221;#ffffff&#8221; button_text_skin=&#8221;dark&#8221;][mk_flipbox front_background_color=&#8221;#febe11&#8243; back_background_color=&#8221;#005aa9&#8243; min_height=&#8221;392&#8243; image=&#8221;http:\/\/www.holidaysrental-lasterrenas.com\/site\/wp-content\/uploads\/2025\/06\/cf-400.jpg&#8221; front_title=&#8221;Quad CF 400cc&#8221; font_weight=&#8221;bold&#8221; back_desc=&#8221;Alquilar su quad<br \/>\nCF 400cc por sus vacaciones en Las Terrenas<br \/>\ncon su alquiler de quad<br \/>\nHolidays Rental &#8211; Alquiler de quad en Las Terrenas&#8221; back_desc_size=&#8221;18&#8243; back_desc_color=&#8221;#ffffff&#8221; button_url=&#8221;http:\/\/www.holidaysrental-lasterrenas.com\/site\/reserva\/&#8221; button_text=&#8221;Presupuesto gratuito&#8221; button_bg_color=&#8221;#febe11&#8243; button_bg_hover_color=&#8221;#ffffff&#8221; button_text_skin=&#8221;dark&#8221;][mk_flipbox front_background_color=&#8221;#febe11&#8243; back_background_color=&#8221;#005aa9&#8243; min_height=&#8221;392&#8243; image=&#8221;http:\/\/www.holidaysrental-lasterrenas.com\/site\/wp-content\/uploads\/2025\/06\/orbit-2.jpg&#8221; front_title=&#8221;Scooters 150cc&#8221; font_weight=&#8221;bold&#8221; back_desc=&#8221;Alquilar su scooters<br \/>\n150cc por sus vacaciones en Las Terrenas<br \/>\ncon su alquiler de scooter<br \/>\nHolidays Rental &#8211; Alquiler de scooter en Las Terrenas&#8221; back_desc_size=&#8221;18&#8243; back_desc_color=&#8221;#ffffff&#8221; button_url=&#8221;http:\/\/www.holidaysrental-lasterrenas.com\/site\/reserva\/&#8221; button_text=&#8221;Presupuesto gratuito&#8221; button_bg_color=&#8221;#febe11&#8243; button_bg_hover_color=&#8221;#ffffff&#8221; button_text_skin=&#8221;dark&#8221;][mk_flipbox front_background_color=&#8221;#febe11&#8243; back_background_color=&#8221;#005aa9&#8243; min_height=&#8221;392&#8243; image=&#8221;http:\/\/www.holidaysrental-lasterrenas.com\/site\/wp-content\/uploads\/2025\/06\/scooter.jpg&#8221; front_title=&#8221;Scooters 125cc&#8221; font_weight=&#8221;bold&#8221; back_desc=&#8221;Alquilar su scooter 125cc<br \/>\npor sus vacaciones en Las Terrenas<br \/>\ncon su alquiler de quad<br \/>\nHolidays Rental &#8211; Alquiler de scooter en Las Terrenas&#8221; back_desc_size=&#8221;18&#8243; back_desc_color=&#8221;#ffffff&#8221; button_url=&#8221;http:\/\/www.holidaysrental-lasterrenas.com\/site\/reserva\/&#8221; button_text=&#8221;Presupuesto gratuito&#8221; button_bg_color=&#8221;#febe11&#8243; button_bg_hover_color=&#8221;#ffffff&#8221; button_text_skin=&#8221;dark&#8221;][\/vc_column][\/vc_row][vc_row][vc_column][vc_column_text]* Despu\u00e9s acuerdo administrativo[\/vc_column_text][\/vc_column][\/vc_row]\n<\/div>","protected":false},"excerpt":{"rendered":"<p>[vc_row][vc_column][\/vc_column][\/vc_row][vc_row css=&#8221;.vc_custom_1456876777017{margin-top: 20px !important;}&#8221;][vc_column css=&#8221;.vc_custom_1639840447260{margin-top: 50px !important;}&#8221;][vc_column_text css=&#8221;.vc_custom_1639840410625{margin-bottom: 0px !important;}&#8221;] Con Holiday Rental, se beneficia de una flota de autos renovados para sus vacaciones en Las Terrenas en Rep\u00fablica Dominicana. [\/vc_column_text][\/vc_column][\/vc_row][vc_row id=&#8221;vehicules-1&#8243;][vc_column][mk_fancy_title margin_bottom=&#8221;0&#8243; font_family=&#8221;none&#8221;] NUESTROS COCHES [\/mk_fancy_title][mk_divider style=&#8221;thin_solid&#8221; divider_width=&#8221;one_fourth&#8221; align=&#8221;left&#8221; thin_single_color=&#8221;#fe6b38&#8243; thickness=&#8221;2&#8243; margin_top=&#8221;0&#8243;][vc_row_inner][vc_column_inner el_class=&#8221;assistance&#8221; width=&#8221;1\/2&#8243;][vc_column_text css=&#8221;.vc_custom_1639840914630{margin-bottom: 0px !important;}&#8221;] Nuevo ! Asistencia 24\/7 [\/vc_column_text][\/vc_column_inner][vc_column_inner el_class=&#8221;siege-bebe&#8221; width=&#8221;1\/2&#8243;][vc_column_text [&hellip;]<\/p>\n","protected":false},"author":2,"featured_media":0,"parent":0,"menu_order":0,"comment_status":"closed","ping_status":"closed","template":"","meta":{"footnotes":""},"class_list":["post-277","page","type-page","status-publish","hentry"],"_links":{"self":[{"href":"http:\/\/www.holidaysrental-lasterrenas.com\/es\/wp-json\/wp\/v2\/pages\/277","targetHints":{"allow":["GET"]}}],"collection":[{"href":"http:\/\/www.holidaysrental-lasterrenas.com\/es\/wp-json\/wp\/v2\/pages"}],"about":[{"href":"http:\/\/www.holidaysrental-lasterrenas.com\/es\/wp-json\/wp\/v2\/types\/page"}],"author":[{"embeddable":true,"href":"http:\/\/www.holidaysrental-lasterrenas.com\/es\/wp-json\/wp\/v2\/users\/2"}],"replies":[{"embeddable":true,"href":"http:\/\/www.holidaysrental-lasterrenas.com\/es\/wp-json\/wp\/v2\/comments?post=277"}],"version-history":[{"count":43,"href":"http:\/\/www.holidaysrental-lasterrenas.com\/es\/wp-json\/wp\/v2\/pages\/277\/revisions"}],"predecessor-version":[{"id":1023,"href":"http:\/\/www.holidaysrental-lasterrenas.com\/es\/wp-json\/wp\/v2\/pages\/277\/revisions\/1023"}],"wp:attachment":[{"href":"http:\/\/www.holidaysrental-lasterrenas.com\/es\/wp-json\/wp\/v2\/media?parent=277"}],"curies":[{"name":"wp","href":"https:\/\/api.w.org\/{rel}","templated":true}]}}