{"id":275,"date":"2016-05-04T12:46:20","date_gmt":"2016-05-04T11:46:20","guid":{"rendered":"http:\/\/www.holidaysrental-lasterrenas.com\/es\/decouverte\/"},"modified":"2016-10-03T12:01:32","modified_gmt":"2016-10-03T11:01:32","slug":"descubrimiento","status":"publish","type":"page","link":"http:\/\/www.holidaysrental-lasterrenas.com\/es\/descubrimiento\/","title":{"rendered":"descubrimiento"},"content":{"rendered":"<div class=\"wpb-content-wrapper\">[mk_page_section padding_top=&#8221;30&#8243; top_shape_color=&#8221;#ffffff&#8221; bottom_shape_color=&#8221;#ffffff&#8221; sidebar=&#8221;sidebar-1&#8243;][vc_column][mk_fancy_title strip_tags=&#8221;true&#8221; size=&#8221;50&#8243; font_weight=&#8221;bold&#8221; txt_transform=&#8221;uppercase&#8221; letter_spacing=&#8221;2&#8243; margin_top=&#8221;15&#8243; margin_bottom=&#8221;00&#8243; font_family=&#8221;Chewy&#8221; font_type=&#8221;google&#8221; align=&#8221;center&#8221;]Descubrir lugares m\u00e1gicos![\/mk_fancy_title][mk_gallery images=&#8221;81,82,83,84,85&#8243; style=&#8221;style3&#8243; height=&#8221;300&#8243; hover_scenarios=&#8221;overlay_layer&#8221; item_spacing=&#8221;2&#8243; margin_bottom=&#8221;0&#8243; frame_style=&#8221;grid&#8221;][mk_gallery images=&#8221;86,89,88,87,195&#8243; style=&#8221;style1&#8243; height=&#8221;300&#8243; hover_scenarios=&#8221;overlay_layer&#8221; item_spacing=&#8221;2&#8243; margin_bottom=&#8221;0&#8243; frame_style=&#8221;grid&#8221;][mk_padding_divider size=&#8221;25&#8243;][vc_row_inner][vc_column_inner width=&#8221;1\/4&#8243;][mk_image src=&#8221;http:\/\/www.holidaysrental-lasterrenas.com\/site\/wp-content\/uploads\/2016\/05\/logo-mundo-puro.jpg&#8221; image_size=&#8221;full&#8221; align=&#8221;center&#8221; animation=&#8221;left-to-right&#8221;][\/vc_column_inner][vc_column_inner width=&#8221;3\/4&#8243;][vc_column_text]\n<h2>Cigarros de f\u00e1brica<\/h2>\n<p>Fabricaci\u00f3n y venta directa de cigarros y accesorios. Amplia selecci\u00f3n de rones.<br \/>\nEn frente de la panader\u00eda francesa en Las Terrenas.<br \/>\nCel.: (1) 829 886 7353[\/vc_column_text][\/vc_column_inner][vc_column_inner][\/vc_column_inner][\/vc_row_inner][\/vc_column][\/mk_page_section]\n<\/div>","protected":false},"excerpt":{"rendered":"<p>[mk_page_section padding_top=&#8221;30&#8243; top_shape_color=&#8221;#ffffff&#8221; bottom_shape_color=&#8221;#ffffff&#8221; sidebar=&#8221;sidebar-1&#8243;][vc_column][mk_fancy_title strip_tags=&#8221;true&#8221; size=&#8221;50&#8243; font_weight=&#8221;bold&#8221; txt_transform=&#8221;uppercase&#8221; letter_spacing=&#8221;2&#8243; margin_top=&#8221;15&#8243; margin_bottom=&#8221;00&#8243; font_family=&#8221;Chewy&#8221; font_type=&#8221;google&#8221; align=&#8221;center&#8221;]Descubrir lugares m\u00e1gicos![\/mk_fancy_title][mk_gallery images=&#8221;81,82,83,84,85&#8243; style=&#8221;style3&#8243; height=&#8221;300&#8243; hover_scenarios=&#8221;overlay_layer&#8221; item_spacing=&#8221;2&#8243; margin_bottom=&#8221;0&#8243; frame_style=&#8221;grid&#8221;][mk_gallery images=&#8221;86,89,88,87,195&#8243; style=&#8221;style1&#8243; height=&#8221;300&#8243; hover_scenarios=&#8221;overlay_layer&#8221; item_spacing=&#8221;2&#8243; margin_bottom=&#8221;0&#8243; frame_style=&#8221;grid&#8221;][mk_padding_divider size=&#8221;25&#8243;][vc_row_inner][vc_column_inner width=&#8221;1\/4&#8243;][mk_image src=&#8221;http:\/\/www.holidaysrental-lasterrenas.com\/site\/wp-content\/uploads\/2016\/05\/logo-mundo-puro.jpg&#8221; image_size=&#8221;full&#8221; align=&#8221;center&#8221; animation=&#8221;left-to-right&#8221;][\/vc_column_inner][vc_column_inner width=&#8221;3\/4&#8243;][vc_column_text] Cigarros de f\u00e1brica Fabricaci\u00f3n y venta directa de cigarros y accesorios. Amplia selecci\u00f3n de rones. En frente [&hellip;]<\/p>\n","protected":false},"author":2,"featured_media":0,"parent":0,"menu_order":0,"comment_status":"closed","ping_status":"closed","template":"","meta":{"footnotes":""},"class_list":["post-275","page","type-page","status-publish","hentry"],"_links":{"self":[{"href":"http:\/\/www.holidaysrental-lasterrenas.com\/es\/wp-json\/wp\/v2\/pages\/275","targetHints":{"allow":["GET"]}}],"collection":[{"href":"http:\/\/www.holidaysrental-lasterrenas.com\/es\/wp-json\/wp\/v2\/pages"}],"about":[{"href":"http:\/\/www.holidaysrental-lasterrenas.com\/es\/wp-json\/wp\/v2\/types\/page"}],"author":[{"embeddable":true,"href":"http:\/\/www.holidaysrental-lasterrenas.com\/es\/wp-json\/wp\/v2\/users\/2"}],"replies":[{"embeddable":true,"href":"http:\/\/www.holidaysrental-lasterrenas.com\/es\/wp-json\/wp\/v2\/comments?post=275"}],"version-history":[{"count":1,"href":"http:\/\/www.holidaysrental-lasterrenas.com\/es\/wp-json\/wp\/v2\/pages\/275\/revisions"}],"predecessor-version":[{"id":276,"href":"http:\/\/www.holidaysrental-lasterrenas.com\/es\/wp-json\/wp\/v2\/pages\/275\/revisions\/276"}],"wp:attachment":[{"href":"http:\/\/www.holidaysrental-lasterrenas.com\/es\/wp-json\/wp\/v2\/media?parent=275"}],"curies":[{"name":"wp","href":"https:\/\/api.w.org\/{rel}","templated":true}]}}